{"id":25,"date":"2020-11-17T21:00:01","date_gmt":"2020-11-17T21:00:01","guid":{"rendered":"https:\/\/mathiashaeussler.eu\/?page_id=25"},"modified":"2025-08-01T11:53:18","modified_gmt":"2025-08-01T11:53:18","slug":"chapters-and-articles","status":"publish","type":"page","link":"https:\/\/mathiashaeussler.eu\/index.php\/chapters-and-articles\/","title":{"rendered":"Chapters and Articles"},"content":{"rendered":"\n<ul>\n<li>Tourismus als Wettbewerb der Moderne. Die (Selbst-)Inszenierung des Deutschen Kaiserreichs auf der Internationalen Ausstellung f\u00fcr Reise- und Fremdenverkehr 1911, <em>Historische Zeitschrift<\/em> 321\/1 (2025), pp. 38-68.<\/li>\n\n\n\n<li>An American Cultural Weapon? The Impact of Elvis Presley in 19150s Cold War Europe, in Mark Duffett (ed.), <em>Rethinking Elvis <\/em>(Oxford: Oxford University Press, 2025), pp. 131-146.<\/li>\n\n\n\n<li>\u201eHelmut Schmidt (1918-2015)\u201c, <em>Deutsche Biographie<\/em>, <a href=\"https:\/\/www.deutsche-biographie.de\/118608819.html\" target=\"_blank\" rel=\"noreferrer noopener\">https:\/\/www.deutsche-biographie.de\/118608819.html<\/a>, Januar 2024.<\/li>\n\n\n\n<li>The German Question and the British Inability to Give a European Answer, in: Kiran Patel (ed.), <em>Tangled Transformations. Unifying Germany and Integrating Europe, 1985-1995 <\/em>(Toronto: University of Toronto Press, 2024), pp. 154-174. <\/li>\n\n\n\n<li>A Visionary Crisis Manager? Helmut Schmidt&#8217;s 1976 Speech at the Foreign Affairs Club in London, in: Michael Gehler, Eleonora Guasconi and Francesco Pierini (eds.), <em>Narrating Europe. Speeches on European Integration II <\/em>(Baden-Baden: Nomos, 2024), pp. 147-163.<\/li>\n\n\n\n<li>&#8222;Elvis Presley wird Deutscher!&#8220; Die Produktion eines transatlantischen Stars im Kinofilm &#8222;G.I. Blues&#8220; \/ &#8222;Caf\u00e9 Europa&#8220; (1960), <em>Zeithistorische Forschungen <\/em>20\/3 (2023), pp. 517-530.<\/li>\n\n\n\n<li>&#8222;Who has <em>not <\/em>heard of Wiesbaden?&#8220; Die Entwicklung deutscher Kurst\u00e4dte in Destinationen des modernen Tourismus, circa 1850-1914, <em>Moderne Stadtgeschichte <\/em>2\/2023 (2023), pp. 126-146.<\/li>\n\n\n\n<li>In or out? Britain and the European Project, in Brigitte Leucht, Katja Seidel and Laurent Warlouzet (eds.),<em> Reinventing Europe<\/em> (London: Bloomsbury, 2023), pp. 317-332.<\/li>\n\n\n\n<li>Um novo tipo de rei? Elvis Presley e o aparecimento de uma cultura juvenil transatl\u00e2ntica na d\u00e9cada de 1950, in: Jorge Carrega (ed.), <em>Elvis Presley e a cultura popular do s\u00e9culo XX<\/em> (Faro: CIAC Edi\u00e7\u00e3o, 2023), pp. 25-54.<\/li>\n\n\n\n<li>Don&#8217;t Think Twice, It&#8217;s All Right? A Historical Comparison of the 1975 and 2016 British Referendums, <em>Journal of European Integration HIstory <\/em>28\/1 (2022), pp. 37-56.<\/li>\n\n\n\n<li>[with Martin Albers and Edoardo Andreoni] Britannia Overwhelmed? Reconsidering British Foreign Policy from EC Membership to the End of the Cold War, 1973-1990, <em>Diplomacy&amp;Statecraft <\/em>33\/1 (2022), pp. 133-157.<\/li>\n\n\n\n<li>[with Susan Colbourn] Once More, with Feeling. Transatlantic Relations in the Reagan Years, in Jonathan Hunt and Simon Miles (eds.), <em>The Reagan Moment: America and the World in the 1980s<\/em> (Ithaca, NY: Cornell University Press, 2021), pp. 123-143.<\/li>\n\n\n\n<li>Ein britischer Sonderweg? Ein Forschungsbericht zur Rolle Gro\u00dfbritanniens bei der europ\u00e4ischen Integration seit 1945, <em>Vierteljahrshefte f\u00fcr Zeitgeschichte <\/em>67\/2 (2019), pp. 263-287.<\/li>\n\n\n\n<li>Two Very Different Atlanticists? Willy Brandt and Helmut Schmidt, 1974-1992, in Bernd Rother and Klaus Larres (eds.), <em>Willy Brandt and International Relations: Europe, the USA and Latin America, 1974-1992<\/em> (London: Bloomsbury, 2018), pp. 51-66.<\/li>\n\n\n\n<li>[Roundtable contribution] In memory of the &#8222;Two Helmuts&#8220;: The Lives, Legacies and Historical Impact of Helmut Schmidt and Helmut Kohl, <em>Central European History <\/em>51\/2 (2018), pp. 282-309.<\/li>\n\n\n\n<li>The Convictions of a Realist: Concepts of &#8222;Solidarity&#8220; in Helmut Schmidt&#8217;s European Thought, 1945-82, <em>European Review of History\/Revue Europ\u00e9enne d&#8217;Histoire <\/em>24\/6 (2017), pp. 955-972.<\/li>\n\n\n\n<li>The Inward-Looking Outsider? The British Popular Press and European Integration, 1961-1992, in Haakon A. Ikonomou, Aurelie Andry and Rebekka Byberg (eds.), <em>European Enlargement Across Rounds and Beyond Borders<\/em> (London: Routledge, 2017), pp. 77-98.<\/li>\n\n\n\n<li>A \u201cconverted European\u201d? James Callaghan and the \u201cEuropeanization\u201d of British Foreign Policy in the 1970s, in Gabriele Clemens and Alexander Reinfeldt (eds.), <em>The Quest for Europeanization: Interdisciplinary Perspectives on a Multiple Process<\/em> (Stuttgart: Steiner Verlag, 2017), pp. 153-166.<\/li>\n\n\n\n<li>Zwischen Weltwirtschaftsoper und Kamingespr\u00e4ch: Helmut Schmidt und die Gipfeldiplomatie am Beispiel der deutsch-britischen Beziehungen, 1974-82, in Peter Hoeres and Anuschka Tischer (eds.), <em>Medien der Au\u00dfenbeziehungen von der Antike bis zur Gegenwart<\/em> (K\u00f6ln: B\u00f6hlau, 2017), pp. 48-68.<\/li>\n\n\n\n<li>A &#8222;Cold War European&#8220;? Helmut Schmidt and European Integration, c. 1945-1982, <em>Cold War History <\/em>15\/4 (2015), pp. 427-447.<\/li>\n\n\n\n<li>A Pyrrhic Victory: Harold Wilson, Helmut Schmidt and the British Renegotiation of EC Membership, 1974-5, <em>The International History Review <\/em>37\/4 (2015), pp. 768-789.<\/li>\n\n\n\n<li>The Popular Press and Ideas of Europe: The Daily Mirror, the Daily Express, and Britain&#8217;s First Application to Join the EEC, 1961-63, <em>Twentieth Century British History <\/em>25\/1 (2014), pp. 108-131. <\/li>\n<\/ul>\n","protected":false},"excerpt":{"rendered":"","protected":false},"author":1,"featured_media":0,"parent":0,"menu_order":0,"comment_status":"closed","ping_status":"closed","template":"","meta":[],"yoast_head":"<!-- This site is optimized with the Yoast SEO plugin v19.13 - https:\/\/yoast.com\/wordpress\/plugins\/seo\/ -->\n<title>Chapters and Articles - Mathias Haeussler<\/title>\n<meta name=\"robots\" content=\"index, follow, max-snippet:-1, max-image-preview:large, max-video-preview:-1\" \/>\n<link rel=\"canonical\" href=\"https:\/\/mathiashaeussler.eu\/index.php\/chapters-and-articles\/\" \/>\n<meta property=\"og:locale\" content=\"de_DE\" \/>\n<meta property=\"og:type\" content=\"article\" \/>\n<meta property=\"og:title\" content=\"Chapters and Articles - Mathias Haeussler\" \/>\n<meta property=\"og:url\" content=\"https:\/\/mathiashaeussler.eu\/index.php\/chapters-and-articles\/\" \/>\n<meta property=\"og:site_name\" content=\"Mathias Haeussler\" \/>\n<meta property=\"article:modified_time\" content=\"2025-08-01T11:53:18+00:00\" \/>\n<meta name=\"twitter:card\" content=\"summary_large_image\" \/>\n<meta name=\"twitter:label1\" content=\"Gesch\u00e4tzte Lesezeit\" \/>\n\t<meta name=\"twitter:data1\" content=\"4\u00a0Minuten\" \/>\n<script type=\"application\/ld+json\" class=\"yoast-schema-graph\">{\"@context\":\"https:\/\/schema.org\",\"@graph\":[{\"@type\":\"WebPage\",\"@id\":\"https:\/\/mathiashaeussler.eu\/index.php\/chapters-and-articles\/\",\"url\":\"https:\/\/mathiashaeussler.eu\/index.php\/chapters-and-articles\/\",\"name\":\"Chapters and Articles - Mathias Haeussler\",\"isPartOf\":{\"@id\":\"https:\/\/mathiashaeussler.eu\/#website\"},\"datePublished\":\"2020-11-17T21:00:01+00:00\",\"dateModified\":\"2025-08-01T11:53:18+00:00\",\"breadcrumb\":{\"@id\":\"https:\/\/mathiashaeussler.eu\/index.php\/chapters-and-articles\/#breadcrumb\"},\"inLanguage\":\"de\",\"potentialAction\":[{\"@type\":\"ReadAction\",\"target\":[\"https:\/\/mathiashaeussler.eu\/index.php\/chapters-and-articles\/\"]}]},{\"@type\":\"BreadcrumbList\",\"@id\":\"https:\/\/mathiashaeussler.eu\/index.php\/chapters-and-articles\/#breadcrumb\",\"itemListElement\":[{\"@type\":\"ListItem\",\"position\":1,\"name\":\"Home\",\"item\":\"https:\/\/mathiashaeussler.eu\/\"},{\"@type\":\"ListItem\",\"position\":2,\"name\":\"Chapters and Articles\"}]},{\"@type\":\"WebSite\",\"@id\":\"https:\/\/mathiashaeussler.eu\/#website\",\"url\":\"https:\/\/mathiashaeussler.eu\/\",\"name\":\"Mathias Haeussler\",\"description\":\"Historian\",\"potentialAction\":[{\"@type\":\"SearchAction\",\"target\":{\"@type\":\"EntryPoint\",\"urlTemplate\":\"https:\/\/mathiashaeussler.eu\/?s={search_term_string}\"},\"query-input\":\"required name=search_term_string\"}],\"inLanguage\":\"de\"}]}<\/script>\n<!-- \/ Yoast SEO plugin. -->","yoast_head_json":{"title":"Chapters and Articles - Mathias Haeussler","robots":{"index":"index","follow":"follow","max-snippet":"max-snippet:-1","max-image-preview":"max-image-preview:large","max-video-preview":"max-video-preview:-1"},"canonical":"https:\/\/mathiashaeussler.eu\/index.php\/chapters-and-articles\/","og_locale":"de_DE","og_type":"article","og_title":"Chapters and Articles - Mathias Haeussler","og_url":"https:\/\/mathiashaeussler.eu\/index.php\/chapters-and-articles\/","og_site_name":"Mathias Haeussler","article_modified_time":"2025-08-01T11:53:18+00:00","twitter_card":"summary_large_image","twitter_misc":{"Gesch\u00e4tzte Lesezeit":"4\u00a0Minuten"},"schema":{"@context":"https:\/\/schema.org","@graph":[{"@type":"WebPage","@id":"https:\/\/mathiashaeussler.eu\/index.php\/chapters-and-articles\/","url":"https:\/\/mathiashaeussler.eu\/index.php\/chapters-and-articles\/","name":"Chapters and Articles - Mathias Haeussler","isPartOf":{"@id":"https:\/\/mathiashaeussler.eu\/#website"},"datePublished":"2020-11-17T21:00:01+00:00","dateModified":"2025-08-01T11:53:18+00:00","breadcrumb":{"@id":"https:\/\/mathiashaeussler.eu\/index.php\/chapters-and-articles\/#breadcrumb"},"inLanguage":"de","potentialAction":[{"@type":"ReadAction","target":["https:\/\/mathiashaeussler.eu\/index.php\/chapters-and-articles\/"]}]},{"@type":"BreadcrumbList","@id":"https:\/\/mathiashaeussler.eu\/index.php\/chapters-and-articles\/#breadcrumb","itemListElement":[{"@type":"ListItem","position":1,"name":"Home","item":"https:\/\/mathiashaeussler.eu\/"},{"@type":"ListItem","position":2,"name":"Chapters and Articles"}]},{"@type":"WebSite","@id":"https:\/\/mathiashaeussler.eu\/#website","url":"https:\/\/mathiashaeussler.eu\/","name":"Mathias Haeussler","description":"Historian","potentialAction":[{"@type":"SearchAction","target":{"@type":"EntryPoint","urlTemplate":"https:\/\/mathiashaeussler.eu\/?s={search_term_string}"},"query-input":"required name=search_term_string"}],"inLanguage":"de"}]}},"_links":{"self":[{"href":"https:\/\/mathiashaeussler.eu\/index.php\/wp-json\/wp\/v2\/pages\/25"}],"collection":[{"href":"https:\/\/mathiashaeussler.eu\/index.php\/wp-json\/wp\/v2\/pages"}],"about":[{"href":"https:\/\/mathiashaeussler.eu\/index.php\/wp-json\/wp\/v2\/types\/page"}],"author":[{"embeddable":true,"href":"https:\/\/mathiashaeussler.eu\/index.php\/wp-json\/wp\/v2\/users\/1"}],"replies":[{"embeddable":true,"href":"https:\/\/mathiashaeussler.eu\/index.php\/wp-json\/wp\/v2\/comments?post=25"}],"version-history":[{"count":3,"href":"https:\/\/mathiashaeussler.eu\/index.php\/wp-json\/wp\/v2\/pages\/25\/revisions"}],"predecessor-version":[{"id":168,"href":"https:\/\/mathiashaeussler.eu\/index.php\/wp-json\/wp\/v2\/pages\/25\/revisions\/168"}],"wp:attachment":[{"href":"https:\/\/mathiashaeussler.eu\/index.php\/wp-json\/wp\/v2\/media?parent=25"}],"curies":[{"name":"wp","href":"https:\/\/api.w.org\/{rel}","templated":true}]}}